{"id":139,"date":"2017-08-20T18:12:15","date_gmt":"2017-08-20T18:12:15","guid":{"rendered":"http:\/\/ahimsa-yogaschule.de\/?page_id=139"},"modified":"2026-01-21T13:35:20","modified_gmt":"2026-01-21T13:35:20","slug":"feetup-workshop","status":"publish","type":"page","link":"https:\/\/ahimsa-yogaschule.de\/?page_id=139","title":{"rendered":"FeetUp Yoga Workshop"},"content":{"rendered":"\n<p>Warum nicht mal die Perspektive wechseln ?<\/p>\n\n\n\n<figure class=\"wp-block-image size-full\"><a href=\"https:\/\/ahimsa-yogaschule.de\/wp-content\/uploads\/2026\/01\/FeetUp-WS-2026-1.jpg\"><img loading=\"lazy\" decoding=\"async\" width=\"649\" height=\"930\" src=\"https:\/\/ahimsa-yogaschule.de\/wp-content\/uploads\/2026\/01\/FeetUp-WS-2026-1.jpg\" alt=\"\" class=\"wp-image-977\" srcset=\"https:\/\/ahimsa-yogaschule.de\/wp-content\/uploads\/2026\/01\/FeetUp-WS-2026-1.jpg 649w, https:\/\/ahimsa-yogaschule.de\/wp-content\/uploads\/2026\/01\/FeetUp-WS-2026-1-209x300.jpg 209w\" sizes=\"auto, (max-width: 649px) 100vw, 649px\" \/><\/a><\/figure>\n\n\n\n<p><strong><em><a href=\"https:\/\/ahimsa-yogaschule.de\/wp-content\/uploads\/2026\/01\/FeetUp-WS-2026-1.pdf\" data-type=\"link\" data-id=\"https:\/\/ahimsa-yogaschule.de\/wp-content\/uploads\/2024\/02\/FeetUp-WS-2024-03.pdf\" target=\"_blank\" rel=\"noreferrer noopener\">FeetUp Yoga Workshop PDF<\/a><\/em><\/strong><\/p>\n\n\n\n<p><em><strong>Ort: <\/strong><\/em>Ahimsa Yogaschule, Weidesheimer Str. 51, Euskirchen-Weidesheim<em><br><\/em><strong>Preis:<\/strong> 40 \u20ac<br><strong>Anmeldung :<\/strong>&nbsp;&nbsp; Anni Behmann (Yogalehrerin YVL)<br><strong>Mobil:&nbsp;<\/strong>&nbsp; 0178 5306186<br><strong>Email :<\/strong>&nbsp;&nbsp; <a href=\"mailto:yoga@anni-behmann.de\">yoga@anni-behmann.de<br><\/a><strong>Homepage :<\/strong>&nbsp;&nbsp; <a href=\"http:\/\/www.anni-behmann.de\" target=\"_blank\" rel=\"noreferrer noopener\">Anni-Behmann.de<\/a><\/p>\n\n\n\n<figure class=\"wp-block-image\"><a href=\"https:\/\/ahimsa-yogaschule.de\/wp-content\/uploads\/2019\/06\/IMG-20190622-WA0001.jpg\"><img loading=\"lazy\" decoding=\"async\" width=\"225\" height=\"300\" src=\"https:\/\/ahimsa-yogaschule.de\/wp-content\/uploads\/2019\/06\/IMG-20190622-WA0001-225x300.jpg\" alt=\"\" class=\"wp-image-247\" srcset=\"https:\/\/ahimsa-yogaschule.de\/wp-content\/uploads\/2019\/06\/IMG-20190622-WA0001-225x300.jpg 225w, https:\/\/ahimsa-yogaschule.de\/wp-content\/uploads\/2019\/06\/IMG-20190622-WA0001-768x1024.jpg 768w, https:\/\/ahimsa-yogaschule.de\/wp-content\/uploads\/2019\/06\/IMG-20190622-WA0001.jpg 1200w\" sizes=\"auto, (max-width: 225px) 100vw, 225px\" \/><\/a><\/figure>\n\n\n\n<figure class=\"wp-block-image\"><a href=\"https:\/\/ahimsa-yogaschule.de\/wp-content\/uploads\/2017\/08\/IMG_6595.jpg\"><img loading=\"lazy\" decoding=\"async\" width=\"300\" height=\"225\" src=\"https:\/\/ahimsa-yogaschule.de\/wp-content\/uploads\/2017\/08\/IMG_6595-300x225.jpg\" alt=\"\" class=\"wp-image-140\" srcset=\"https:\/\/ahimsa-yogaschule.de\/wp-content\/uploads\/2017\/08\/IMG_6595-300x225.jpg 300w, https:\/\/ahimsa-yogaschule.de\/wp-content\/uploads\/2017\/08\/IMG_6595-400x300.jpg 400w, https:\/\/ahimsa-yogaschule.de\/wp-content\/uploads\/2017\/08\/IMG_6595.jpg 640w\" sizes=\"auto, (max-width: 300px) 100vw, 300px\" \/><\/a><\/figure>\n\n\n\n<p>Hier einige Einblicke aus meiner Zertifizierungsstunde:<a href=\"https:\/\/ahimsa-yogaschule.de\/wp-content\/uploads\/2017\/08\/IMG_6236.jpg\"><img loading=\"lazy\" decoding=\"async\" class=\"alignnone size-medium wp-image-141\" src=\"https:\/\/ahimsa-yogaschule.de\/wp-content\/uploads\/2017\/08\/IMG_6236-300x225.jpg\" alt=\"\" width=\"300\" height=\"225\" srcset=\"https:\/\/ahimsa-yogaschule.de\/wp-content\/uploads\/2017\/08\/IMG_6236-300x225.jpg 300w, https:\/\/ahimsa-yogaschule.de\/wp-content\/uploads\/2017\/08\/IMG_6236-400x300.jpg 400w, https:\/\/ahimsa-yogaschule.de\/wp-content\/uploads\/2017\/08\/IMG_6236.jpg 640w\" sizes=\"auto, (max-width: 300px) 100vw, 300px\" \/><\/a><br><a href=\"https:\/\/ahimsa-yogaschule.de\/wp-content\/uploads\/2017\/08\/IMG_6261-1.jpg\"><img loading=\"lazy\" decoding=\"async\" class=\"alignnone size-medium wp-image-143\" src=\"https:\/\/ahimsa-yogaschule.de\/wp-content\/uploads\/2017\/08\/IMG_6261-1-300x225.jpg\" alt=\"\" width=\"300\" height=\"225\" srcset=\"https:\/\/ahimsa-yogaschule.de\/wp-content\/uploads\/2017\/08\/IMG_6261-1-300x225.jpg 300w, https:\/\/ahimsa-yogaschule.de\/wp-content\/uploads\/2017\/08\/IMG_6261-1-400x300.jpg 400w, https:\/\/ahimsa-yogaschule.de\/wp-content\/uploads\/2017\/08\/IMG_6261-1.jpg 640w\" sizes=\"auto, (max-width: 300px) 100vw, 300px\" \/><br><\/a><a href=\"https:\/\/ahimsa-yogaschule.de\/wp-content\/uploads\/2017\/08\/IMG_6273.jpg\"><img loading=\"lazy\" decoding=\"async\" class=\"alignnone size-medium wp-image-144\" src=\"https:\/\/ahimsa-yogaschule.de\/wp-content\/uploads\/2017\/08\/IMG_6273-300x300.jpg\" alt=\"\" width=\"300\" height=\"300\" srcset=\"https:\/\/ahimsa-yogaschule.de\/wp-content\/uploads\/2017\/08\/IMG_6273-300x300.jpg 300w, https:\/\/ahimsa-yogaschule.de\/wp-content\/uploads\/2017\/08\/IMG_6273-150x150.jpg 150w, https:\/\/ahimsa-yogaschule.de\/wp-content\/uploads\/2017\/08\/IMG_6273.jpg 640w\" sizes=\"auto, (max-width: 300px) 100vw, 300px\" \/><\/a><a href=\"https:\/\/ahimsa-yogaschule.de\/wp-content\/uploads\/2017\/08\/IMG_6261-1.jpg\"><br><\/a><a href=\"https:\/\/ahimsa-yogaschule.de\/wp-content\/uploads\/2017\/08\/IMG_6244.jpg\"><img loading=\"lazy\" decoding=\"async\" class=\"alignnone size-medium wp-image-145\" src=\"https:\/\/ahimsa-yogaschule.de\/wp-content\/uploads\/2017\/08\/IMG_6244-225x300.jpg\" alt=\"\" width=\"225\" height=\"300\" srcset=\"https:\/\/ahimsa-yogaschule.de\/wp-content\/uploads\/2017\/08\/IMG_6244-225x300.jpg 225w, https:\/\/ahimsa-yogaschule.de\/wp-content\/uploads\/2017\/08\/IMG_6244.jpg 480w\" sizes=\"auto, (max-width: 225px) 100vw, 225px\" \/><\/a><\/p>\n\n\n\n<p>Wenn man etwas ge\u00fcbter ist sind auch die folgenden \u00dcbungen m\u00f6glich:<a href=\"https:\/\/ahimsa-yogaschule.de\/wp-content\/uploads\/2018\/05\/FeetUp1.jpg\"><img loading=\"lazy\" decoding=\"async\" class=\"alignnone size-medium wp-image-162\" src=\"https:\/\/ahimsa-yogaschule.de\/wp-content\/uploads\/2018\/05\/FeetUp1-300x225.jpg\" alt=\"\" width=\"300\" height=\"225\" srcset=\"https:\/\/ahimsa-yogaschule.de\/wp-content\/uploads\/2018\/05\/FeetUp1-300x225.jpg 300w, https:\/\/ahimsa-yogaschule.de\/wp-content\/uploads\/2018\/05\/FeetUp1-400x300.jpg 400w, https:\/\/ahimsa-yogaschule.de\/wp-content\/uploads\/2018\/05\/FeetUp1.jpg 640w\" sizes=\"auto, (max-width: 300px) 100vw, 300px\" \/><\/a><\/p>\n\n\n\n<figure class=\"wp-block-image\"><a href=\"https:\/\/ahimsa-yogaschule.de\/wp-content\/uploads\/2018\/05\/FeetUp2.jpg\"><img loading=\"lazy\" decoding=\"async\" width=\"225\" height=\"300\" src=\"https:\/\/ahimsa-yogaschule.de\/wp-content\/uploads\/2018\/05\/FeetUp2-225x300.jpg\" alt=\"\" class=\"wp-image-160\" srcset=\"https:\/\/ahimsa-yogaschule.de\/wp-content\/uploads\/2018\/05\/FeetUp2-225x300.jpg 225w, https:\/\/ahimsa-yogaschule.de\/wp-content\/uploads\/2018\/05\/FeetUp2.jpg 480w\" sizes=\"auto, (max-width: 225px) 100vw, 225px\" \/><\/a><\/figure>\n\n\n\n<figure class=\"wp-block-image\"><a href=\"https:\/\/ahimsa-yogaschule.de\/wp-content\/uploads\/2018\/05\/FeetUp3.jpg\"><img loading=\"lazy\" decoding=\"async\" width=\"225\" height=\"300\" src=\"https:\/\/ahimsa-yogaschule.de\/wp-content\/uploads\/2018\/05\/FeetUp3-225x300.jpg\" alt=\"\" class=\"wp-image-161\" srcset=\"https:\/\/ahimsa-yogaschule.de\/wp-content\/uploads\/2018\/05\/FeetUp3-225x300.jpg 225w, https:\/\/ahimsa-yogaschule.de\/wp-content\/uploads\/2018\/05\/FeetUp3.jpg 480w\" sizes=\"auto, (max-width: 225px) 100vw, 225px\" \/><\/a><\/figure>\n\n\n\n<p>Viele \u00dcbungen sind m\u00f6glich, sowohl als Gruppen wie auch einzeln.<\/p>\n\n\n\n<figure class=\"wp-block-image\"><a href=\"https:\/\/ahimsa-yogaschule.de\/wp-content\/uploads\/2019\/06\/IMG-20190623-WA0000.jpg\"><img loading=\"lazy\" decoding=\"async\" width=\"300\" height=\"295\" src=\"https:\/\/ahimsa-yogaschule.de\/wp-content\/uploads\/2019\/06\/IMG-20190623-WA0000-300x295.jpg\" alt=\"\" class=\"wp-image-245\" srcset=\"https:\/\/ahimsa-yogaschule.de\/wp-content\/uploads\/2019\/06\/IMG-20190623-WA0000-300x295.jpg 300w, https:\/\/ahimsa-yogaschule.de\/wp-content\/uploads\/2019\/06\/IMG-20190623-WA0000-768x756.jpg 768w, https:\/\/ahimsa-yogaschule.de\/wp-content\/uploads\/2019\/06\/IMG-20190623-WA0000.jpg 1024w, https:\/\/ahimsa-yogaschule.de\/wp-content\/uploads\/2019\/06\/IMG-20190623-WA0000-305x300.jpg 305w\" sizes=\"auto, (max-width: 300px) 100vw, 300px\" \/><\/a><\/figure>\n\n\n\n<figure class=\"wp-block-image\"><a href=\"https:\/\/ahimsa-yogaschule.de\/wp-content\/uploads\/2019\/06\/IMG-20190622-WA0002.jpg\"><img loading=\"lazy\" decoding=\"async\" width=\"225\" height=\"300\" src=\"https:\/\/ahimsa-yogaschule.de\/wp-content\/uploads\/2019\/06\/IMG-20190622-WA0002-225x300.jpg\" alt=\"\" class=\"wp-image-246\" srcset=\"https:\/\/ahimsa-yogaschule.de\/wp-content\/uploads\/2019\/06\/IMG-20190622-WA0002-225x300.jpg 225w, https:\/\/ahimsa-yogaschule.de\/wp-content\/uploads\/2019\/06\/IMG-20190622-WA0002-768x1024.jpg 768w, https:\/\/ahimsa-yogaschule.de\/wp-content\/uploads\/2019\/06\/IMG-20190622-WA0002.jpg 1200w\" sizes=\"auto, (max-width: 225px) 100vw, 225px\" \/><\/a><\/figure>\n\n\n\n<figure class=\"wp-block-image\"><a href=\"https:\/\/ahimsa-yogaschule.de\/wp-content\/uploads\/2017\/08\/IMG_6014-1.jpg\"><img loading=\"lazy\" decoding=\"async\" width=\"300\" height=\"199\" src=\"https:\/\/ahimsa-yogaschule.de\/wp-content\/uploads\/2017\/08\/IMG_6014-1-300x199.jpg\" alt=\"\" class=\"wp-image-149\" srcset=\"https:\/\/ahimsa-yogaschule.de\/wp-content\/uploads\/2017\/08\/IMG_6014-1-300x199.jpg 300w, https:\/\/ahimsa-yogaschule.de\/wp-content\/uploads\/2017\/08\/IMG_6014-1-453x300.jpg 453w, https:\/\/ahimsa-yogaschule.de\/wp-content\/uploads\/2017\/08\/IMG_6014-1.jpg 640w\" sizes=\"auto, (max-width: 300px) 100vw, 300px\" \/><\/a><\/figure>\n\n\n\n<figure class=\"wp-block-image\"><a href=\"https:\/\/ahimsa-yogaschule.de\/wp-content\/uploads\/2017\/08\/IMG_6012.jpg\"><img loading=\"lazy\" decoding=\"async\" width=\"225\" height=\"300\" src=\"https:\/\/ahimsa-yogaschule.de\/wp-content\/uploads\/2017\/08\/IMG_6012-225x300.jpg\" alt=\"\" class=\"wp-image-150\" srcset=\"https:\/\/ahimsa-yogaschule.de\/wp-content\/uploads\/2017\/08\/IMG_6012-225x300.jpg 225w, https:\/\/ahimsa-yogaschule.de\/wp-content\/uploads\/2017\/08\/IMG_6012.jpg 480w\" sizes=\"auto, (max-width: 225px) 100vw, 225px\" \/><\/a><\/figure>\n\n\n\n<p>Weitere Anf\u00e4ngerbeispiele k\u00f6nnt Ihr Euch auf der Homepage des Herstellers ansehen. <a href=\"https:\/\/de.feetup.eu\/pages\/ubungen-mit-dem-feetup\" target=\"_blank\" rel=\"noopener noreferrer\">Hier der Link.<\/a><\/p>\n\n\n\n<p>Die praktische Umsetzung k\u00f6nnt Ihr dann in meinem Workshop mit Hilfestellung und Tipps erlernen.<\/p>\n","protected":false},"excerpt":{"rendered":"<p>Warum nicht mal die Perspektive wechseln ? FeetUp Yoga Workshop PDF Ort: Ahimsa Yogaschule, Weidesheimer Str. 51, Euskirchen-WeidesheimPreis: 40 \u20acAnmeldung :&nbsp;&nbsp; Anni Behmann (Yogalehrerin YVL)Mobil:&nbsp;&nbsp; 0178 5306186Email :&nbsp;&nbsp; yoga@anni-behmann.deHomepage :&nbsp;&nbsp; Anni-Behmann.de Hier einige Einblicke aus meiner Zertifizierungsstunde: Wenn man etwas &hellip; <a href=\"https:\/\/ahimsa-yogaschule.de\/?page_id=139\">Weiterlesen <span class=\"meta-nav\">&rarr;<\/span><\/a><\/p>\n","protected":false},"author":1,"featured_media":0,"parent":2,"menu_order":0,"comment_status":"closed","ping_status":"closed","template":"","meta":{"footnotes":""},"class_list":["post-139","page","type-page","status-publish","hentry"],"_links":{"self":[{"href":"https:\/\/ahimsa-yogaschule.de\/index.php?rest_route=\/wp\/v2\/pages\/139","targetHints":{"allow":["GET"]}}],"collection":[{"href":"https:\/\/ahimsa-yogaschule.de\/index.php?rest_route=\/wp\/v2\/pages"}],"about":[{"href":"https:\/\/ahimsa-yogaschule.de\/index.php?rest_route=\/wp\/v2\/types\/page"}],"author":[{"embeddable":true,"href":"https:\/\/ahimsa-yogaschule.de\/index.php?rest_route=\/wp\/v2\/users\/1"}],"replies":[{"embeddable":true,"href":"https:\/\/ahimsa-yogaschule.de\/index.php?rest_route=%2Fwp%2Fv2%2Fcomments&post=139"}],"version-history":[{"count":44,"href":"https:\/\/ahimsa-yogaschule.de\/index.php?rest_route=\/wp\/v2\/pages\/139\/revisions"}],"predecessor-version":[{"id":981,"href":"https:\/\/ahimsa-yogaschule.de\/index.php?rest_route=\/wp\/v2\/pages\/139\/revisions\/981"}],"up":[{"embeddable":true,"href":"https:\/\/ahimsa-yogaschule.de\/index.php?rest_route=\/wp\/v2\/pages\/2"}],"wp:attachment":[{"href":"https:\/\/ahimsa-yogaschule.de\/index.php?rest_route=%2Fwp%2Fv2%2Fmedia&parent=139"}],"curies":[{"name":"wp","href":"https:\/\/api.w.org\/{rel}","templated":true}]}}