{"id":14,"date":"2015-04-02T09:28:06","date_gmt":"2015-04-02T09:28:06","guid":{"rendered":"http:\/\/ahimsa-yogaschule.de\/?page_id=14"},"modified":"2025-12-05T16:05:29","modified_gmt":"2025-12-05T16:05:29","slug":"yogakurse","status":"publish","type":"page","link":"https:\/\/ahimsa-yogaschule.de\/?page_id=14","title":{"rendered":"Yogakurse"},"content":{"rendered":"\n<figure class=\"wp-block-image size-full is-resized\"><a href=\"https:\/\/ahimsa-yogaschule.de\/wp-content\/uploads\/2025\/12\/Kursplan-Seite1.jpg\"><img loading=\"lazy\" decoding=\"async\" width=\"503\" height=\"780\" src=\"https:\/\/ahimsa-yogaschule.de\/wp-content\/uploads\/2025\/12\/Kursplan-Seite1.jpg\" alt=\"\" class=\"wp-image-962\" style=\"width:532px;height:754px\" srcset=\"https:\/\/ahimsa-yogaschule.de\/wp-content\/uploads\/2025\/12\/Kursplan-Seite1.jpg 503w, https:\/\/ahimsa-yogaschule.de\/wp-content\/uploads\/2025\/12\/Kursplan-Seite1-193x300.jpg 193w\" sizes=\"auto, (max-width: 503px) 100vw, 503px\" \/><\/a><\/figure>\n\n\n\n<p><span style=\"color: #a30b31;\"><em><strong>Sollten Sie weitere Fragen haben oder Informationen ben\u00f6tigen, kontaktieren Sie mich bitte per Mail oder Telefon.<\/strong> <\/em><\/span><\/p>\n\n\n\n<p><strong>Mobil:&nbsp;<\/strong>&nbsp; 0178 5306186<br><strong>Email :<\/strong>&nbsp;&nbsp; <a href=\"mailto:yoga@anni-behmann.de\">yoga@anni-behmann.de<\/a><\/p>\n\n\n\n<p>Zur Zeit biete ich mehrere Kurse &#8222;Hatha-Yoga f\u00fcr Jeden&#8220; in Euskirchen an. Bitte w\u00e4hlen Sie \u00fcber das Men\u00fc oben aus.<\/p>\n","protected":false},"excerpt":{"rendered":"<p>Sollten Sie weitere Fragen haben oder Informationen ben\u00f6tigen, kontaktieren Sie mich bitte per Mail oder Telefon. Mobil:&nbsp;&nbsp; 0178 5306186Email :&nbsp;&nbsp; yoga@anni-behmann.de Zur Zeit biete ich mehrere Kurse &#8222;Hatha-Yoga f\u00fcr Jeden&#8220; in Euskirchen an. Bitte w\u00e4hlen Sie \u00fcber das Men\u00fc oben &hellip; <a href=\"https:\/\/ahimsa-yogaschule.de\/?page_id=14\">Weiterlesen <span class=\"meta-nav\">&rarr;<\/span><\/a><\/p>\n","protected":false},"author":1,"featured_media":0,"parent":0,"menu_order":0,"comment_status":"closed","ping_status":"closed","template":"","meta":{"footnotes":""},"class_list":["post-14","page","type-page","status-publish","hentry"],"_links":{"self":[{"href":"https:\/\/ahimsa-yogaschule.de\/index.php?rest_route=\/wp\/v2\/pages\/14","targetHints":{"allow":["GET"]}}],"collection":[{"href":"https:\/\/ahimsa-yogaschule.de\/index.php?rest_route=\/wp\/v2\/pages"}],"about":[{"href":"https:\/\/ahimsa-yogaschule.de\/index.php?rest_route=\/wp\/v2\/types\/page"}],"author":[{"embeddable":true,"href":"https:\/\/ahimsa-yogaschule.de\/index.php?rest_route=\/wp\/v2\/users\/1"}],"replies":[{"embeddable":true,"href":"https:\/\/ahimsa-yogaschule.de\/index.php?rest_route=%2Fwp%2Fv2%2Fcomments&post=14"}],"version-history":[{"count":18,"href":"https:\/\/ahimsa-yogaschule.de\/index.php?rest_route=\/wp\/v2\/pages\/14\/revisions"}],"predecessor-version":[{"id":972,"href":"https:\/\/ahimsa-yogaschule.de\/index.php?rest_route=\/wp\/v2\/pages\/14\/revisions\/972"}],"wp:attachment":[{"href":"https:\/\/ahimsa-yogaschule.de\/index.php?rest_route=%2Fwp%2Fv2%2Fmedia&parent=14"}],"curies":[{"name":"wp","href":"https:\/\/api.w.org\/{rel}","templated":true}]}}