{"id":321,"date":"2020-06-01T20:39:51","date_gmt":"2020-06-01T20:39:51","guid":{"rendered":"http:\/\/ahimsa-yogaschule.de\/?page_id=321"},"modified":"2023-01-04T13:09:17","modified_gmt":"2023-01-04T13:09:17","slug":"hatha-yoga-fuer-jeden-onlinekurse-von-ueberall","status":"publish","type":"page","link":"https:\/\/ahimsa-yogaschule.de\/?page_id=321","title":{"rendered":"Hatha-Yoga f\u00fcr Jeden &#8211; Onlinekurse &#8211; von \u00fcberall ;-)"},"content":{"rendered":"\n<p>Hatha-Yoga spricht den gesamten K\u00f6rper an, wobei ein besonderer Fokus auf R\u00fccken, Nacken und Schultern liegt. Dies sind Bereiche, in denen sich oft Konflikte und psychische Spannungen manifestieren.<\/p>\n\n\n\n<p>Nach einer kurzen Atembeobachtung werden Yogahaltungen (Asanas) erlernt, die der K\u00f6rperwahrnehmung dienen und Spannungszust\u00e4nde reduzieren. Die Zwischenentspannungen helfen, die \u00dcbungen zu verinnerlichen, und lehren wieder ein gesundes und harmonisches Ma\u00df an Anspannung und Entspannung. Die Endentspannung verst\u00e4rkt dies, so dass gezielt Stress abgebaut werden kann und K\u00f6rper und Geist dauerhaft entlastet werden.<\/p>\n\n\n\n<p><strong><strong>Montags, 18:00-19:00 Uhr:<\/strong><\/strong> Onlinekurs\u00a0<a href=\"https:\/\/ahimsa-yogaschule.de\/?page_id=299\">(Die genauen Termine sind hier !)<\/a><\/p>\n\n\n\n<p><strong>Dauer :<\/strong>&nbsp;&nbsp; 60 Minuten<br><strong>Preis :&nbsp;&nbsp;<\/strong> 12,50 \u20ac je Termin als Kursbuchung &#8211; mit Video, 14 \u20ac einzeln, 45 \u20ac als Abo<br>               45 \u20ac Einzelstunde<br><strong>Teilnehmerzahl :&nbsp;<\/strong> &#8212;<br><strong>Tag und Uhrzeit :&nbsp; <\/strong>siehe oben<br><strong>Ort :<\/strong> &nbsp; Online per www<em><br>Der Kurs mu\u00df vorher bezahlt werden. Danach wird der Link verschickt. <\/em><br>Fragen werden gerne per Mail und Telefon beantwortet. <em><br><\/em><strong>Anmeldung :<\/strong>&nbsp;&nbsp; Anni Behmann (Yogalehrerin YVL)<br><strong>Mobil:&nbsp;<\/strong>&nbsp; 0178 5306186<br><strong>Email :<\/strong>&nbsp;&nbsp; <a href=\"mailto:yoga@anni-behmann.de\">yoga@anni-behmann.de<br><\/a><strong>Homepage :<\/strong>&nbsp;&nbsp; <a rel=\"noreferrer noopener\" href=\"http:\/\/www.anni-behmann.de\/\" target=\"_blank\">Anni-Behmann.de<\/a><\/p>\n","protected":false},"excerpt":{"rendered":"<p>Hatha-Yoga spricht den gesamten K\u00f6rper an, wobei ein besonderer Fokus auf R\u00fccken, Nacken und Schultern liegt. Dies sind Bereiche, in denen sich oft Konflikte und psychische Spannungen manifestieren. Nach einer kurzen Atembeobachtung werden Yogahaltungen (Asanas) erlernt, die der K\u00f6rperwahrnehmung dienen &hellip; <a href=\"https:\/\/ahimsa-yogaschule.de\/?page_id=321\">Weiterlesen <span class=\"meta-nav\">&rarr;<\/span><\/a><\/p>\n","protected":false},"author":1,"featured_media":0,"parent":0,"menu_order":0,"comment_status":"closed","ping_status":"closed","template":"","meta":{"footnotes":""},"class_list":["post-321","page","type-page","status-publish","hentry"],"_links":{"self":[{"href":"https:\/\/ahimsa-yogaschule.de\/index.php?rest_route=\/wp\/v2\/pages\/321","targetHints":{"allow":["GET"]}}],"collection":[{"href":"https:\/\/ahimsa-yogaschule.de\/index.php?rest_route=\/wp\/v2\/pages"}],"about":[{"href":"https:\/\/ahimsa-yogaschule.de\/index.php?rest_route=\/wp\/v2\/types\/page"}],"author":[{"embeddable":true,"href":"https:\/\/ahimsa-yogaschule.de\/index.php?rest_route=\/wp\/v2\/users\/1"}],"replies":[{"embeddable":true,"href":"https:\/\/ahimsa-yogaschule.de\/index.php?rest_route=%2Fwp%2Fv2%2Fcomments&post=321"}],"version-history":[{"count":6,"href":"https:\/\/ahimsa-yogaschule.de\/index.php?rest_route=\/wp\/v2\/pages\/321\/revisions"}],"predecessor-version":[{"id":544,"href":"https:\/\/ahimsa-yogaschule.de\/index.php?rest_route=\/wp\/v2\/pages\/321\/revisions\/544"}],"wp:attachment":[{"href":"https:\/\/ahimsa-yogaschule.de\/index.php?rest_route=%2Fwp%2Fv2%2Fmedia&parent=321"}],"curies":[{"name":"wp","href":"https:\/\/api.w.org\/{rel}","templated":true}]}}