{"id":427,"date":"2021-10-18T08:44:20","date_gmt":"2021-10-18T08:44:20","guid":{"rendered":"https:\/\/ahimsa-yogaschule.de\/?page_id=427"},"modified":"2021-10-18T08:44:20","modified_gmt":"2021-10-18T08:44:20","slug":"willkommen-bei-anni-behmann","status":"publish","type":"page","link":"https:\/\/ahimsa-yogaschule.de\/?page_id=427","title":{"rendered":"Willkommen bei Anni Behmann"},"content":{"rendered":"\n<p>Auf diesen Seiten erhalten Sie Informationen\u00a0\u00fcber meine\u00a0Yoga-Kurse und Workshops sowie zu meiner Naturheilpraxis.<\/p>\n\n\n\n<p>Die Yoga-Veranstaltungen finden in Euskirchen statt. Weitere Informationen dazu finden Sie hier unter &#8222;Workshops&#8220; und &#8222;Yogakurse&#8220;.<\/p>\n\n\n\n<p>F\u00fcr mich ist es selbstverst\u00e4ndlich das Ihre individuellen und gesundheitlichen Voraussetzungen und W\u00fcnsche ber\u00fccksichtigt werden.<\/p>\n\n\n\n<p>Sollten Sie weitere Fragen haben so melden Sie sich bitte per Mail oder Telefon bei mir. Ich werde diese schnellst m\u00f6glich beantworten.<\/p>\n\n\n\n<p><strong>Email :<\/strong>&nbsp;&nbsp; <a href=\"mailto:yoga@anni-behmann.de\">yoga@anni-behmann.de<\/a>&nbsp;&nbsp;&nbsp;&nbsp;&nbsp;&nbsp;&nbsp;&nbsp;&nbsp;&nbsp;&nbsp;&nbsp;&nbsp;&nbsp;&nbsp;&nbsp;&nbsp;&nbsp;&nbsp;&nbsp;&nbsp;&nbsp;&nbsp;&nbsp;&nbsp;&nbsp;&nbsp;&nbsp;&nbsp;&nbsp;&nbsp;&nbsp;&nbsp; <strong>Mobil: <\/strong>&nbsp; 0178 5306186<\/p>\n","protected":false},"excerpt":{"rendered":"<p>Auf diesen Seiten erhalten Sie Informationen\u00a0\u00fcber meine\u00a0Yoga-Kurse und Workshops sowie zu meiner Naturheilpraxis. Die Yoga-Veranstaltungen finden in Euskirchen statt. Weitere Informationen dazu finden Sie hier unter &#8222;Workshops&#8220; und &#8222;Yogakurse&#8220;. F\u00fcr mich ist es selbstverst\u00e4ndlich das Ihre individuellen und gesundheitlichen Voraussetzungen &hellip; <a href=\"https:\/\/ahimsa-yogaschule.de\/?page_id=427\">Weiterlesen <span class=\"meta-nav\">&rarr;<\/span><\/a><\/p>\n","protected":false},"author":1,"featured_media":0,"parent":0,"menu_order":0,"comment_status":"closed","ping_status":"closed","template":"","meta":{"footnotes":""},"class_list":["post-427","page","type-page","status-publish","hentry"],"_links":{"self":[{"href":"https:\/\/ahimsa-yogaschule.de\/index.php?rest_route=\/wp\/v2\/pages\/427","targetHints":{"allow":["GET"]}}],"collection":[{"href":"https:\/\/ahimsa-yogaschule.de\/index.php?rest_route=\/wp\/v2\/pages"}],"about":[{"href":"https:\/\/ahimsa-yogaschule.de\/index.php?rest_route=\/wp\/v2\/types\/page"}],"author":[{"embeddable":true,"href":"https:\/\/ahimsa-yogaschule.de\/index.php?rest_route=\/wp\/v2\/users\/1"}],"replies":[{"embeddable":true,"href":"https:\/\/ahimsa-yogaschule.de\/index.php?rest_route=%2Fwp%2Fv2%2Fcomments&post=427"}],"version-history":[{"count":1,"href":"https:\/\/ahimsa-yogaschule.de\/index.php?rest_route=\/wp\/v2\/pages\/427\/revisions"}],"predecessor-version":[{"id":428,"href":"https:\/\/ahimsa-yogaschule.de\/index.php?rest_route=\/wp\/v2\/pages\/427\/revisions\/428"}],"wp:attachment":[{"href":"https:\/\/ahimsa-yogaschule.de\/index.php?rest_route=%2Fwp%2Fv2%2Fmedia&parent=427"}],"curies":[{"name":"wp","href":"https:\/\/api.w.org\/{rel}","templated":true}]}}